{"id":146,"date":"2024-01-03T16:56:23","date_gmt":"2024-01-03T19:56:23","guid":{"rendered":"https:\/\/corujapreparatorio.com.br\/?page_id=146"},"modified":"2024-01-14T21:24:15","modified_gmt":"2024-01-15T00:24:15","slug":"sobre-nos","status":"publish","type":"page","link":"https:\/\/corujapreparatorio.com.br\/?page_id=146","title":{"rendered":"SOBRE N\u00d3S"},"content":{"rendered":"\t\t<div data-elementor-type=\"wp-page\" data-elementor-id=\"146\" class=\"elementor elementor-146\">\n\t\t\t\t\t\t\t<div class=\"elementor-element elementor-element-da80c95 e-flex e-con-boxed e-con e-parent\" data-id=\"da80c95\" data-element_type=\"container\" data-settings=\"{&quot;container_type&quot;:&quot;flex&quot;,&quot;content_width&quot;:&quot;boxed&quot;}\" data-core-v316-plus=\"true\">\n\t\t\t\t\t<div class=\"e-con-inner\">\n\t\t<div class=\"elementor-element elementor-element-b8a5aea e-con-full e-flex e-con e-child\" data-id=\"b8a5aea\" data-element_type=\"container\" data-settings=\"{&quot;content_width&quot;:&quot;full&quot;,&quot;container_type&quot;:&quot;flex&quot;}\">\n\t\t\t\t<div class=\"elementor-element elementor-element-b23ccda elementor-widget__width-inherit elementor-widget elementor-widget-heading\" data-id=\"b23ccda\" data-element_type=\"widget\" data-widget_type=\"heading.default\">\n\t\t\t\t<div class=\"elementor-widget-container\">\n\t\t\t<style>\/*! elementor - v3.18.0 - 20-12-2023 *\/\n.elementor-heading-title{padding:0;margin:0;line-height:1}.elementor-widget-heading .elementor-heading-title[class*=elementor-size-]>a{color:inherit;font-size:inherit;line-height:inherit}.elementor-widget-heading .elementor-heading-title.elementor-size-small{font-size:15px}.elementor-widget-heading .elementor-heading-title.elementor-size-medium{font-size:19px}.elementor-widget-heading .elementor-heading-title.elementor-size-large{font-size:29px}.elementor-widget-heading .elementor-heading-title.elementor-size-xl{font-size:39px}.elementor-widget-heading .elementor-heading-title.elementor-size-xxl{font-size:59px}<\/style><h2 class=\"elementor-heading-title elementor-size-default\">SOBRE N\u00d3S<\/h2>\t\t<\/div>\n\t\t\t\t<\/div>\n\t\t\t\t<\/div>\n\t\t\t\t\t<\/div>\n\t\t\t\t<\/div>\n\t\t<div class=\"elementor-element elementor-element-e09eace e-con-full e-flex e-con e-parent\" data-id=\"e09eace\" data-element_type=\"container\" data-settings=\"{&quot;content_width&quot;:&quot;full&quot;,&quot;container_type&quot;:&quot;flex&quot;}\" data-core-v316-plus=\"true\">\n\t\t<div class=\"elementor-element elementor-element-fff62ca e-con-full e-flex e-con e-child\" data-id=\"fff62ca\" data-element_type=\"container\" data-settings=\"{&quot;content_width&quot;:&quot;full&quot;,&quot;container_type&quot;:&quot;flex&quot;}\">\n\t\t\t\t<div class=\"elementor-element elementor-element-54ab27c elementor-widget__width-initial elementor-widget-mobile__width-initial elementor-widget elementor-widget-text-editor\" data-id=\"54ab27c\" data-element_type=\"widget\" data-widget_type=\"text-editor.default\">\n\t\t\t\t<div class=\"elementor-widget-container\">\n\t\t\t<style>\/*! elementor - v3.18.0 - 20-12-2023 *\/\n.elementor-widget-text-editor.elementor-drop-cap-view-stacked .elementor-drop-cap{background-color:#69727d;color:#fff}.elementor-widget-text-editor.elementor-drop-cap-view-framed .elementor-drop-cap{color:#69727d;border:3px solid;background-color:transparent}.elementor-widget-text-editor:not(.elementor-drop-cap-view-default) .elementor-drop-cap{margin-top:8px}.elementor-widget-text-editor:not(.elementor-drop-cap-view-default) .elementor-drop-cap-letter{width:1em;height:1em}.elementor-widget-text-editor .elementor-drop-cap{float:left;text-align:center;line-height:1;font-size:50px}.elementor-widget-text-editor .elementor-drop-cap-letter{display:inline-block}<\/style>\t\t\t\t<p style=\"font-size: 17px;\">Somos uma empresa do ramo educacional especializada em produzir as melhores provas simuladas dos principais concursos p\u00fablicos do pa\u00eds.<\/p><p style=\"font-size: 17px;\"><span style=\"color: var( --e-global-color-text ); text-align: var(--text-align);\">Contamos com uma equipe de professores qualificados e um banco de quest\u00f5es atualizadas.&nbsp;<\/span><span style=\"color: var( --e-global-color-text ); text-align: var(--text-align);\">Nosso conte\u00fado \u00e9 disponibilizado de forma bem interativa, no formato digital e com os recursos tecnol\u00f3gicos da plataforma Moodle de ensino.&nbsp;<\/span><\/p>\n<p style=\"font-size: 17px;\"><span style=\"color: var( --e-global-color-text ); text-align: var(--text-align);\">Buscamos sempre a excel\u00eancia na presta\u00e7\u00e3o de servi\u00e7os e a satisfa\u00e7\u00e3o dos nossos alunos, oferecendo um treinamento de qualidade para quem deseja conquistar uma vaga no servi\u00e7o p\u00fablico ou a ascens\u00e3o&nbsp;<\/span><span style=\"color: var( --e-global-color-text ); text-align: var(--text-align);\">profissional.&nbsp;&nbsp;<\/span><\/p>\n<p style=\"font-size: 17px;\">\n<\/p><p style=\"font-size: 17px;\">Junte-se a n\u00f3s.&nbsp; Venha estudar no Coruja.<\/p>\t\t\t\t\t\t<\/div>\n\t\t\t\t<\/div>\n\t\t\t\t<\/div>\n\t\t<div class=\"elementor-element elementor-element-a6f7c37 e-con-full e-flex e-con e-child\" data-id=\"a6f7c37\" data-element_type=\"container\" data-settings=\"{&quot;content_width&quot;:&quot;full&quot;,&quot;container_type&quot;:&quot;flex&quot;}\">\n\t\t\t\t<div class=\"elementor-element elementor-element-8f5ba97 elementor-widget__width-initial elementor-widget-tablet__width-initial elementor-widget-mobile__width-initial elementor-widget elementor-widget-image\" data-id=\"8f5ba97\" data-element_type=\"widget\" data-widget_type=\"image.default\">\n\t\t\t\t<div class=\"elementor-widget-container\">\n\t\t\t<style>\/*! elementor - v3.18.0 - 20-12-2023 *\/\n.elementor-widget-image{text-align:center}.elementor-widget-image a{display:inline-block}.elementor-widget-image a img[src$=\".svg\"]{width:48px}.elementor-widget-image img{vertical-align:middle;display:inline-block}<\/style>\t\t\t\t\t\t\t\t\t\t\t\t<img fetchpriority=\"high\" decoding=\"async\" width=\"800\" height=\"800\" src=\"https:\/\/corujapreparatorio.com.br\/wp-content\/uploads\/2024\/01\/Copia-de-Copia-de-Copia-de-Copia-de-CHO-15-1024x1024.png\" class=\"attachment-large size-large wp-image-975\" alt=\"\" srcset=\"https:\/\/corujapreparatorio.com.br\/wp-content\/uploads\/2024\/01\/Copia-de-Copia-de-Copia-de-Copia-de-CHO-15-1024x1024.png 1024w, https:\/\/corujapreparatorio.com.br\/wp-content\/uploads\/2024\/01\/Copia-de-Copia-de-Copia-de-Copia-de-CHO-15-300x300.png 300w, https:\/\/corujapreparatorio.com.br\/wp-content\/uploads\/2024\/01\/Copia-de-Copia-de-Copia-de-Copia-de-CHO-15-150x150.png 150w, https:\/\/corujapreparatorio.com.br\/wp-content\/uploads\/2024\/01\/Copia-de-Copia-de-Copia-de-Copia-de-CHO-15-768x768.png 768w, https:\/\/corujapreparatorio.com.br\/wp-content\/uploads\/2024\/01\/Copia-de-Copia-de-Copia-de-Copia-de-CHO-15-600x600.png 600w, https:\/\/corujapreparatorio.com.br\/wp-content\/uploads\/2024\/01\/Copia-de-Copia-de-Copia-de-Copia-de-CHO-15-100x100.png 100w, https:\/\/corujapreparatorio.com.br\/wp-content\/uploads\/2024\/01\/Copia-de-Copia-de-Copia-de-Copia-de-CHO-15-64x64.png 64w, https:\/\/corujapreparatorio.com.br\/wp-content\/uploads\/2024\/01\/Copia-de-Copia-de-Copia-de-Copia-de-CHO-15.png 1080w\" sizes=\"(max-width: 800px) 100vw, 800px\" \/>\t\t\t\t\t\t\t\t\t\t\t\t\t\t\t<\/div>\n\t\t\t\t<\/div>\n\t\t\t\t<\/div>\n\t\t\t\t<\/div>\n\t\t\t\t\t\t\t<\/div>\n\t\t","protected":false},"excerpt":{"rendered":"<p>SOBRE N\u00d3S Somos uma empresa do ramo educacional especializada em produzir as melhores provas simuladas dos principais concursos p\u00fablicos do pa\u00eds. Contamos com uma equipe de professores qualificados e um banco de quest\u00f5es atualizadas.&nbsp;Nosso conte\u00fado \u00e9 disponibilizado de forma bem interativa, no formato digital e com os recursos tecnol\u00f3gicos da plataforma Moodle de ensino.&nbsp; Buscamos [&hellip;]<\/p>\n","protected":false},"author":1,"featured_media":0,"parent":0,"menu_order":0,"comment_status":"closed","ping_status":"closed","template":"elementor_header_footer","meta":{"footnotes":""},"jetpack_sharing_enabled":true,"_links":{"self":[{"href":"https:\/\/corujapreparatorio.com.br\/index.php?rest_route=\/wp\/v2\/pages\/146"}],"collection":[{"href":"https:\/\/corujapreparatorio.com.br\/index.php?rest_route=\/wp\/v2\/pages"}],"about":[{"href":"https:\/\/corujapreparatorio.com.br\/index.php?rest_route=\/wp\/v2\/types\/page"}],"author":[{"embeddable":true,"href":"https:\/\/corujapreparatorio.com.br\/index.php?rest_route=\/wp\/v2\/users\/1"}],"replies":[{"embeddable":true,"href":"https:\/\/corujapreparatorio.com.br\/index.php?rest_route=%2Fwp%2Fv2%2Fcomments&post=146"}],"version-history":[{"count":143,"href":"https:\/\/corujapreparatorio.com.br\/index.php?rest_route=\/wp\/v2\/pages\/146\/revisions"}],"predecessor-version":[{"id":1158,"href":"https:\/\/corujapreparatorio.com.br\/index.php?rest_route=\/wp\/v2\/pages\/146\/revisions\/1158"}],"wp:attachment":[{"href":"https:\/\/corujapreparatorio.com.br\/index.php?rest_route=%2Fwp%2Fv2%2Fmedia&parent=146"}],"curies":[{"name":"wp","href":"https:\/\/api.w.org\/{rel}","templated":true}]}}