{"id":230,"date":"2024-01-04T17:45:08","date_gmt":"2024-01-04T20:45:08","guid":{"rendered":"https:\/\/corujapreparatorio.com.br\/?page_id=230"},"modified":"2024-01-07T15:31:41","modified_gmt":"2024-01-07T18:31:41","slug":"policiais","status":"publish","type":"page","link":"https:\/\/corujapreparatorio.com.br\/?page_id=230","title":{"rendered":"POLICIAIS"},"content":{"rendered":"\t\t<div data-elementor-type=\"wp-page\" data-elementor-id=\"230\" class=\"elementor elementor-230\">\n\t\t\t\t\t\t\t<div class=\"elementor-element elementor-element-c053a70 e-flex e-con-boxed e-con e-parent\" data-id=\"c053a70\" data-element_type=\"container\" data-settings=\"{&quot;container_type&quot;:&quot;flex&quot;,&quot;content_width&quot;:&quot;boxed&quot;}\" data-core-v316-plus=\"true\">\n\t\t\t\t\t<div class=\"e-con-inner\">\n\t\t\t\t<div class=\"elementor-element elementor-element-b8c6277 elementor-align-center elementor-widget__width-initial elementor-widget elementor-widget-shopengine-product-list\" data-id=\"b8c6277\" data-element_type=\"widget\" data-widget_type=\"shopengine-product-list.default\">\n\t\t\t\t<div class=\"elementor-widget-container\">\n\t\t\t<div class=\"shopengine shopengine-widget\">\n<div class=\"shopengine-product-list\">\n\n\t\n        <div class=\"product-list-grid\">\n\n\t\t\t\n\t\t\t\t\t<div class=\"shopengine-single-product-item\">\n\n\t\t\t\t\t\t<!-- product thumb -->\n\t\t\t\t\t\t<div class=\"product-thumb\">\n\n\t\t\t\t\t\t\t<!-- product thumb -->\n\t\t\t\t\t\t\t<a title=\"View Product Full Details\" href=\"https:\/\/corujapreparatorio.com.br\/?product=cfo-pmmg\">\n\t\t\t\t\t\t\t\t<img fetchpriority=\"high\" decoding=\"async\" width=\"1080\" height=\"1080\" src=\"https:\/\/corujapreparatorio.com.br\/wp-content\/uploads\/2024\/01\/Copia-de-CHO-37.png\" class=\"attachment-589 size-589\" alt=\"\" srcset=\"https:\/\/corujapreparatorio.com.br\/wp-content\/uploads\/2024\/01\/Copia-de-CHO-37.png 1080w, https:\/\/corujapreparatorio.com.br\/wp-content\/uploads\/2024\/01\/Copia-de-CHO-37-300x300.png 300w, https:\/\/corujapreparatorio.com.br\/wp-content\/uploads\/2024\/01\/Copia-de-CHO-37-100x100.png 100w, https:\/\/corujapreparatorio.com.br\/wp-content\/uploads\/2024\/01\/Copia-de-CHO-37-600x600.png 600w, https:\/\/corujapreparatorio.com.br\/wp-content\/uploads\/2024\/01\/Copia-de-CHO-37-64x64.png 64w, https:\/\/corujapreparatorio.com.br\/wp-content\/uploads\/2024\/01\/Copia-de-CHO-37-1024x1024.png 1024w, https:\/\/corujapreparatorio.com.br\/wp-content\/uploads\/2024\/01\/Copia-de-CHO-37-150x150.png 150w, https:\/\/corujapreparatorio.com.br\/wp-content\/uploads\/2024\/01\/Copia-de-CHO-37-768x768.png 768w\" sizes=\"(max-width: 1080px) 100vw, 1080px\" \/>\t\t\t\t\t\t\t<\/a>\n\n\t\t\t\t\t\t\t<!-- add to cart -->\n\t\t\t\t\t\t\t<div class=\"overlay-add-to-cart position-bottom\">\n\t\t\t\t\t\t\t\t<a href=\"https:\/\/corujapreparatorio.com.br\/?product=cfo-pmmg\" data-quantity=\"1\" class=\"button product_type_simple\" data-product_id=\"589\" data-product_sku=\"\" aria-label=\"Leia mais sobre &ldquo;CFO PMMG&rdquo;\" aria-describedby=\"\" rel=\"nofollow\" data-product_name=\"CFO PMMG\" data-price=\"\">Leia mais<\/a>\t\t\t\t\t\t\t<\/div>\n\t\t\t\t\t\t\t<!-- tag and sale badge -->\n\t\t\t\t\t\t\t\t\t\t\t\t\t\t<div class=\"product-tag-sale-badge position-top-right align-horizontal\">\n\t\t\t\t\t\t\t\t<ul>\n\t\t\t\t\t\t\t\t\t<!-- percentage -->\n\t\t\t\t\t\t\t\t\t\t\t\t\t\t\t\t\t\t<!-- custom tags -->\n\t\t\t\t\t\t\t\t\t \n\t\t\t\t\t\t\t\t\t <!-- on sale -->\n\t\t\t\t\t\t\t\t\t \n\t\t\t\t\t\t\t\t\t<!-- out of stock -->\n\t\t\t\t\t\t\t\t\t \n\t\t\t\t\t\t\t\t<\/ul>\n\t\t\t\t\t\t\t<\/div>\n\t\t\t\t\t\t<\/div>\n\n                    <!-- product category -->\n\t\t\t\t\t\t\t\t\t\t\t\t\t\t\t\t\t\t<div class='product-category'>\n\t\t\t\t\t\t\t\t\t<ul>\n\t\t\t\t\t\t\t\t\t\t\t\t\t\t\t\t\t\t\t\t\t<li>\n\t\t\t\t\t\t\t\t\t\t\t\t<a title=\"Product Category\" href=\"https:\/\/corujapreparatorio.com.br\/?product_cat=policiais\">\n\t\t\t\t\t\t\t\t\t\t\t\t\tPoliciais\t\t\t\t\t\t\t\t\t\t\t\t<\/a>\n\t\t\t\t\t\t\t\t\t\t\t<\/li>\n\t\t\t\t\t\t\t\t\t                                <\/ul>\n                            <\/div>\n\t\t\t\t\t\t\n                    <!-- product title -->\n                    <h3 class='product-title'>\n                        <a title=\"View Product Full Details\" href=\"https:\/\/corujapreparatorio.com.br\/?product=cfo-pmmg\">\n\t\t\t\t\t\t\tCFO PMMG                        <\/a>\n                    <\/h3>\n\n                    <!-- product rating -->\n                    <div class=\"product-rating\">\n\t\t\t\t\t\t<div class=\"star-rating\"><span style=\"width:0%\">Avalia\u00e7\u00e3o <strong class=\"rating\">0<\/strong> de 5<\/span><\/div><span class=\"rating-count\">(0)<\/span>                    <\/div>\n\n                    <!-- product price -->\n                    <div class=\"product-price\">\n\t\t\t\t\t\t<p class=\"price\"><\/p>\n                    <\/div>\n\t\t\t\t                    <\/div> <!-- end item -->\n\n\t\t\t\n\t\t\t\t\t<div class=\"shopengine-single-product-item\">\n\n\t\t\t\t\t\t<!-- product thumb -->\n\t\t\t\t\t\t<div class=\"product-thumb\">\n\n\t\t\t\t\t\t\t<!-- product thumb -->\n\t\t\t\t\t\t\t<a title=\"View Product Full Details\" href=\"https:\/\/corujapreparatorio.com.br\/?product=soldado-pmmg\">\n\t\t\t\t\t\t\t\t<img decoding=\"async\" width=\"1080\" height=\"1080\" src=\"https:\/\/corujapreparatorio.com.br\/wp-content\/uploads\/2024\/01\/Copia-de-CHO-10-1.png\" class=\"attachment-379 size-379\" alt=\"\" srcset=\"https:\/\/corujapreparatorio.com.br\/wp-content\/uploads\/2024\/01\/Copia-de-CHO-10-1.png 1080w, https:\/\/corujapreparatorio.com.br\/wp-content\/uploads\/2024\/01\/Copia-de-CHO-10-1-300x300.png 300w, https:\/\/corujapreparatorio.com.br\/wp-content\/uploads\/2024\/01\/Copia-de-CHO-10-1-100x100.png 100w, https:\/\/corujapreparatorio.com.br\/wp-content\/uploads\/2024\/01\/Copia-de-CHO-10-1-600x600.png 600w, https:\/\/corujapreparatorio.com.br\/wp-content\/uploads\/2024\/01\/Copia-de-CHO-10-1-64x64.png 64w, https:\/\/corujapreparatorio.com.br\/wp-content\/uploads\/2024\/01\/Copia-de-CHO-10-1-1024x1024.png 1024w, https:\/\/corujapreparatorio.com.br\/wp-content\/uploads\/2024\/01\/Copia-de-CHO-10-1-150x150.png 150w, https:\/\/corujapreparatorio.com.br\/wp-content\/uploads\/2024\/01\/Copia-de-CHO-10-1-768x768.png 768w\" sizes=\"(max-width: 1080px) 100vw, 1080px\" \/>\t\t\t\t\t\t\t<\/a>\n\n\t\t\t\t\t\t\t<!-- add to cart -->\n\t\t\t\t\t\t\t<div class=\"overlay-add-to-cart position-bottom\">\n\t\t\t\t\t\t\t\t<a href=\"?add-to-cart=379\" data-quantity=\"1\" class=\"button product_type_simple add_to_cart_button ajax_add_to_cart\" data-product_id=\"379\" data-product_sku=\"\" aria-label=\"Add to cart: &ldquo;SOLDADO PMMG&rdquo;\" aria-describedby=\"\" rel=\"nofollow\" data-product_name=\"SOLDADO PMMG\" data-price=\"49.90\">Comprar<\/a>\t\t\t\t\t\t\t<\/div>\n\t\t\t\t\t\t\t<!-- tag and sale badge -->\n\t\t\t\t\t\t\t\t\t\t\t\t\t\t<div class=\"product-tag-sale-badge position-top-right align-horizontal\">\n\t\t\t\t\t\t\t\t<ul>\n\t\t\t\t\t\t\t\t\t<!-- percentage -->\n\t\t\t\t\t\t\t\t\t\t\t\t\t\t\t\t\t\t\t\t<li class=\"badge no-link off\">\n\t\t\t\t\t\t\t\t\t\t\t\t-9%\t\t\t\t\t\t\t\t\t\t\t<\/li>\n\t\t\t\t\t\t\t\t\t\t\t\t\t\t\t\t\t\t<!-- custom tags -->\n\t\t\t\t\t\t\t\t\t \n\t\t\t\t\t\t\t\t\t <!-- on sale -->\n\t\t\t\t\t\t\t\t\t \n\t\t\t\t\t\t\t\t\t<!-- out of stock -->\n\t\t\t\t\t\t\t\t\t \n\t\t\t\t\t\t\t\t<\/ul>\n\t\t\t\t\t\t\t<\/div>\n\t\t\t\t\t\t<\/div>\n\n                    <!-- product category -->\n\t\t\t\t\t\t\t\t\t\t\t\t\t\t\t\t\t\t<div class='product-category'>\n\t\t\t\t\t\t\t\t\t<ul>\n\t\t\t\t\t\t\t\t\t\t\t\t\t\t\t\t\t\t\t\t\t<li>\n\t\t\t\t\t\t\t\t\t\t\t\t<a title=\"Product Category\" href=\"https:\/\/corujapreparatorio.com.br\/?product_cat=destaques\">\n\t\t\t\t\t\t\t\t\t\t\t\t\tDestaques\t\t\t\t\t\t\t\t\t\t\t\t<\/a>\n\t\t\t\t\t\t\t\t\t\t\t<\/li>\n\t\t\t\t\t\t\t\t\t                                <\/ul>\n                            <\/div>\n\t\t\t\t\t\t\n                    <!-- product title -->\n                    <h3 class='product-title'>\n                        <a title=\"View Product Full Details\" href=\"https:\/\/corujapreparatorio.com.br\/?product=soldado-pmmg\">\n\t\t\t\t\t\t\tSOLDADO PMMG                        <\/a>\n                    <\/h3>\n\n                    <!-- product rating -->\n                    <div class=\"product-rating\">\n\t\t\t\t\t\t<div class=\"star-rating\"><span style=\"width:0%\">Avalia\u00e7\u00e3o <strong class=\"rating\">0<\/strong> de 5<\/span><\/div><span class=\"rating-count\">(0)<\/span>                    <\/div>\n\n                    <!-- product price -->\n                    <div class=\"product-price\">\n\t\t\t\t\t\t<p class=\"price\"><del aria-hidden=\"true\"><span class=\"woocommerce-Price-amount amount\"><bdi><span class=\"woocommerce-Price-currencySymbol\">&#82;&#36;<\/span>&nbsp;55,00<\/bdi><\/span><\/del> <ins><span class=\"woocommerce-Price-amount amount\"><bdi><span class=\"woocommerce-Price-currencySymbol\">&#82;&#36;<\/span>&nbsp;49,90<\/bdi><\/span><\/ins><\/p>\n                    <\/div>\n\t\t\t\t                    <\/div> <!-- end item -->\n\n\t\t\t\n\t\t\t\t\t<div class=\"shopengine-single-product-item\">\n\n\t\t\t\t\t\t<!-- product thumb -->\n\t\t\t\t\t\t<div class=\"product-thumb\">\n\n\t\t\t\t\t\t\t<!-- product thumb -->\n\t\t\t\t\t\t\t<a title=\"View Product Full Details\" href=\"https:\/\/corujapreparatorio.com.br\/?product=policia-civil-mg\">\n\t\t\t\t\t\t\t\t<img decoding=\"async\" width=\"1080\" height=\"1080\" src=\"https:\/\/corujapreparatorio.com.br\/wp-content\/uploads\/2024\/01\/Copia-de-CHO-36.png\" class=\"attachment-376 size-376\" alt=\"\" srcset=\"https:\/\/corujapreparatorio.com.br\/wp-content\/uploads\/2024\/01\/Copia-de-CHO-36.png 1080w, https:\/\/corujapreparatorio.com.br\/wp-content\/uploads\/2024\/01\/Copia-de-CHO-36-300x300.png 300w, https:\/\/corujapreparatorio.com.br\/wp-content\/uploads\/2024\/01\/Copia-de-CHO-36-100x100.png 100w, https:\/\/corujapreparatorio.com.br\/wp-content\/uploads\/2024\/01\/Copia-de-CHO-36-600x600.png 600w, https:\/\/corujapreparatorio.com.br\/wp-content\/uploads\/2024\/01\/Copia-de-CHO-36-64x64.png 64w, https:\/\/corujapreparatorio.com.br\/wp-content\/uploads\/2024\/01\/Copia-de-CHO-36-1024x1024.png 1024w, https:\/\/corujapreparatorio.com.br\/wp-content\/uploads\/2024\/01\/Copia-de-CHO-36-150x150.png 150w, https:\/\/corujapreparatorio.com.br\/wp-content\/uploads\/2024\/01\/Copia-de-CHO-36-768x768.png 768w\" sizes=\"(max-width: 1080px) 100vw, 1080px\" \/>\t\t\t\t\t\t\t<\/a>\n\n\t\t\t\t\t\t\t<!-- add to cart -->\n\t\t\t\t\t\t\t<div class=\"overlay-add-to-cart position-bottom\">\n\t\t\t\t\t\t\t\t<a href=\"https:\/\/corujapreparatorio.com.br\/?product=policia-civil-mg\" data-quantity=\"1\" class=\"button product_type_simple\" data-product_id=\"376\" data-product_sku=\"\" aria-label=\"Leia mais sobre &ldquo;POL\u00cdCIA CIVIL MG&rdquo;\" aria-describedby=\"\" rel=\"nofollow\" data-product_name=\"POL\u00cdCIA CIVIL MG\" data-price=\"\">Leia mais<\/a>\t\t\t\t\t\t\t<\/div>\n\t\t\t\t\t\t\t<!-- tag and sale badge -->\n\t\t\t\t\t\t\t\t\t\t\t\t\t\t<div class=\"product-tag-sale-badge position-top-right align-horizontal\">\n\t\t\t\t\t\t\t\t<ul>\n\t\t\t\t\t\t\t\t\t<!-- percentage -->\n\t\t\t\t\t\t\t\t\t\t\t\t\t\t\t\t\t\t<!-- custom tags -->\n\t\t\t\t\t\t\t\t\t \n\t\t\t\t\t\t\t\t\t <!-- on sale -->\n\t\t\t\t\t\t\t\t\t \n\t\t\t\t\t\t\t\t\t<!-- out of stock -->\n\t\t\t\t\t\t\t\t\t \n\t\t\t\t\t\t\t\t<\/ul>\n\t\t\t\t\t\t\t<\/div>\n\t\t\t\t\t\t<\/div>\n\n                    <!-- product category -->\n\t\t\t\t\t\t\t\t\t\t\t\t\t\t\t\t\t\t<div class='product-category'>\n\t\t\t\t\t\t\t\t\t<ul>\n\t\t\t\t\t\t\t\t\t\t\t\t\t\t\t\t\t\t\t\t\t<li>\n\t\t\t\t\t\t\t\t\t\t\t\t<a title=\"Product Category\" href=\"https:\/\/corujapreparatorio.com.br\/?product_cat=policiais\">\n\t\t\t\t\t\t\t\t\t\t\t\t\tPoliciais\t\t\t\t\t\t\t\t\t\t\t\t<\/a>\n\t\t\t\t\t\t\t\t\t\t\t<\/li>\n\t\t\t\t\t\t\t\t\t                                <\/ul>\n                            <\/div>\n\t\t\t\t\t\t\n                    <!-- product title -->\n                    <h3 class='product-title'>\n                        <a title=\"View Product Full Details\" href=\"https:\/\/corujapreparatorio.com.br\/?product=policia-civil-mg\">\n\t\t\t\t\t\t\tPOL\u00cdCIA CIVIL MG                        <\/a>\n                    <\/h3>\n\n                    <!-- product rating -->\n                    <div class=\"product-rating\">\n\t\t\t\t\t\t<div class=\"star-rating\"><span style=\"width:0%\">Avalia\u00e7\u00e3o <strong class=\"rating\">0<\/strong> de 5<\/span><\/div><span class=\"rating-count\">(0)<\/span>                    <\/div>\n\n                    <!-- product price -->\n                    <div class=\"product-price\">\n\t\t\t\t\t\t<p class=\"price\"><\/p>\n                    <\/div>\n\t\t\t\t                    <\/div> <!-- end item -->\n\n\t\t\t\n\t\t\t\t\t<div class=\"shopengine-single-product-item\">\n\n\t\t\t\t\t\t<!-- product thumb -->\n\t\t\t\t\t\t<div class=\"product-thumb\">\n\n\t\t\t\t\t\t\t<!-- product thumb -->\n\t\t\t\t\t\t\t<a title=\"View Product Full Details\" href=\"https:\/\/corujapreparatorio.com.br\/?product=policia-penal-mg\">\n\t\t\t\t\t\t\t\t<img loading=\"lazy\" decoding=\"async\" width=\"1080\" height=\"1080\" src=\"https:\/\/corujapreparatorio.com.br\/wp-content\/uploads\/2024\/01\/Copia-de-CHO-35.png\" class=\"attachment-373 size-373\" alt=\"\" srcset=\"https:\/\/corujapreparatorio.com.br\/wp-content\/uploads\/2024\/01\/Copia-de-CHO-35.png 1080w, https:\/\/corujapreparatorio.com.br\/wp-content\/uploads\/2024\/01\/Copia-de-CHO-35-300x300.png 300w, https:\/\/corujapreparatorio.com.br\/wp-content\/uploads\/2024\/01\/Copia-de-CHO-35-100x100.png 100w, https:\/\/corujapreparatorio.com.br\/wp-content\/uploads\/2024\/01\/Copia-de-CHO-35-600x600.png 600w, https:\/\/corujapreparatorio.com.br\/wp-content\/uploads\/2024\/01\/Copia-de-CHO-35-64x64.png 64w, https:\/\/corujapreparatorio.com.br\/wp-content\/uploads\/2024\/01\/Copia-de-CHO-35-1024x1024.png 1024w, https:\/\/corujapreparatorio.com.br\/wp-content\/uploads\/2024\/01\/Copia-de-CHO-35-150x150.png 150w, https:\/\/corujapreparatorio.com.br\/wp-content\/uploads\/2024\/01\/Copia-de-CHO-35-768x768.png 768w\" sizes=\"(max-width: 1080px) 100vw, 1080px\" \/>\t\t\t\t\t\t\t<\/a>\n\n\t\t\t\t\t\t\t<!-- add to cart -->\n\t\t\t\t\t\t\t<div class=\"overlay-add-to-cart position-bottom\">\n\t\t\t\t\t\t\t\t<a href=\"https:\/\/corujapreparatorio.com.br\/?product=policia-penal-mg\" data-quantity=\"1\" class=\"button product_type_simple\" data-product_id=\"373\" data-product_sku=\"\" aria-label=\"Leia mais sobre &ldquo;POL\u00cdCIA PENAL MG&rdquo;\" aria-describedby=\"\" rel=\"nofollow\" data-product_name=\"POL\u00cdCIA PENAL MG\" data-price=\"\">Leia mais<\/a>\t\t\t\t\t\t\t<\/div>\n\t\t\t\t\t\t\t<!-- tag and sale badge -->\n\t\t\t\t\t\t\t\t\t\t\t\t\t\t<div class=\"product-tag-sale-badge position-top-right align-horizontal\">\n\t\t\t\t\t\t\t\t<ul>\n\t\t\t\t\t\t\t\t\t<!-- percentage -->\n\t\t\t\t\t\t\t\t\t\t\t\t\t\t\t\t\t\t<!-- custom tags -->\n\t\t\t\t\t\t\t\t\t \n\t\t\t\t\t\t\t\t\t <!-- on sale -->\n\t\t\t\t\t\t\t\t\t \n\t\t\t\t\t\t\t\t\t<!-- out of stock -->\n\t\t\t\t\t\t\t\t\t \n\t\t\t\t\t\t\t\t<\/ul>\n\t\t\t\t\t\t\t<\/div>\n\t\t\t\t\t\t<\/div>\n\n                    <!-- product category -->\n\t\t\t\t\t\t\t\t\t\t\t\t\t\t\t\t\t\t<div class='product-category'>\n\t\t\t\t\t\t\t\t\t<ul>\n\t\t\t\t\t\t\t\t\t\t\t\t\t\t\t\t\t\t\t\t\t<li>\n\t\t\t\t\t\t\t\t\t\t\t\t<a title=\"Product Category\" href=\"https:\/\/corujapreparatorio.com.br\/?product_cat=policiais\">\n\t\t\t\t\t\t\t\t\t\t\t\t\tPoliciais\t\t\t\t\t\t\t\t\t\t\t\t<\/a>\n\t\t\t\t\t\t\t\t\t\t\t<\/li>\n\t\t\t\t\t\t\t\t\t                                <\/ul>\n                            <\/div>\n\t\t\t\t\t\t\n                    <!-- product title -->\n                    <h3 class='product-title'>\n                        <a title=\"View Product Full Details\" href=\"https:\/\/corujapreparatorio.com.br\/?product=policia-penal-mg\">\n\t\t\t\t\t\t\tPOL\u00cdCIA PENAL MG                        <\/a>\n                    <\/h3>\n\n                    <!-- product rating -->\n                    <div class=\"product-rating\">\n\t\t\t\t\t\t<div class=\"star-rating\"><span style=\"width:0%\">Avalia\u00e7\u00e3o <strong class=\"rating\">0<\/strong> de 5<\/span><\/div><span class=\"rating-count\">(0)<\/span>                    <\/div>\n\n                    <!-- product price -->\n                    <div class=\"product-price\">\n\t\t\t\t\t\t<p class=\"price\"><\/p>\n                    <\/div>\n\t\t\t\t                    <\/div> <!-- end item -->\n\n\t\t\t\n        <\/div>\n\n\t\n<\/div>\n<\/div>\t\t<\/div>\n\t\t\t\t<\/div>\n\t\t\t\t\t<\/div>\n\t\t\t\t<\/div>\n\t\t\t\t\t\t\t<\/div>\n\t\t","protected":false},"excerpt":{"rendered":"<p>Comprar -20% Destaques CFO PMMG Avalia\u00e7\u00e3o 0 de 5(0) &#82;&#36;&nbsp;100,00 &#82;&#36;&nbsp;79,90 Comprar -20% Destaques SOLDADO PMMG Avalia\u00e7\u00e3o 0 de 5(0) &#82;&#36;&nbsp;100,00 &#82;&#36;&nbsp;80,00 Comprar -20% Policiais POL\u00cdCIA CIVIL MG Avalia\u00e7\u00e3o 0 de 5(0) &#82;&#36;&nbsp;100,00 &#82;&#36;&nbsp;80,00 Comprar -20% Policiais POL\u00cdCIA PENAL MG Avalia\u00e7\u00e3o 0 de 5(0) &#82;&#36;&nbsp;100,00 &#82;&#36;&nbsp;80,00<\/p>\n","protected":false},"author":1,"featured_media":0,"parent":0,"menu_order":0,"comment_status":"closed","ping_status":"closed","template":"elementor_header_footer","meta":{"footnotes":""},"jetpack_sharing_enabled":true,"_links":{"self":[{"href":"https:\/\/corujapreparatorio.com.br\/index.php?rest_route=\/wp\/v2\/pages\/230"}],"collection":[{"href":"https:\/\/corujapreparatorio.com.br\/index.php?rest_route=\/wp\/v2\/pages"}],"about":[{"href":"https:\/\/corujapreparatorio.com.br\/index.php?rest_route=\/wp\/v2\/types\/page"}],"author":[{"embeddable":true,"href":"https:\/\/corujapreparatorio.com.br\/index.php?rest_route=\/wp\/v2\/users\/1"}],"replies":[{"embeddable":true,"href":"https:\/\/corujapreparatorio.com.br\/index.php?rest_route=%2Fwp%2Fv2%2Fcomments&post=230"}],"version-history":[{"count":23,"href":"https:\/\/corujapreparatorio.com.br\/index.php?rest_route=\/wp\/v2\/pages\/230\/revisions"}],"predecessor-version":[{"id":645,"href":"https:\/\/corujapreparatorio.com.br\/index.php?rest_route=\/wp\/v2\/pages\/230\/revisions\/645"}],"wp:attachment":[{"href":"https:\/\/corujapreparatorio.com.br\/index.php?rest_route=%2Fwp%2Fv2%2Fmedia&parent=230"}],"curies":[{"name":"wp","href":"https:\/\/api.w.org\/{rel}","templated":true}]}}