{"id":234,"date":"2024-01-04T17:46:50","date_gmt":"2024-01-04T20:46:50","guid":{"rendered":"https:\/\/corujapreparatorio.com.br\/?page_id=234"},"modified":"2024-01-14T21:26:03","modified_gmt":"2024-01-15T00:26:03","slug":"enem","status":"publish","type":"page","link":"https:\/\/corujapreparatorio.com.br\/?page_id=234","title":{"rendered":"ENEM"},"content":{"rendered":"\t\t<div data-elementor-type=\"wp-page\" data-elementor-id=\"234\" class=\"elementor elementor-234\">\n\t\t\t\t\t\t\t<div class=\"elementor-element elementor-element-e575ffc e-con-full e-flex e-con e-parent\" data-id=\"e575ffc\" data-element_type=\"container\" data-settings=\"{&quot;content_width&quot;:&quot;full&quot;,&quot;background_background&quot;:&quot;classic&quot;,&quot;container_type&quot;:&quot;flex&quot;}\" data-core-v316-plus=\"true\">\n\t\t\t\t<div class=\"elementor-element elementor-element-d5e2d89 elementor-widget__width-initial elementor-align-center elementor-widget elementor-widget-shopengine-product-list\" data-id=\"d5e2d89\" data-element_type=\"widget\" data-widget_type=\"shopengine-product-list.default\">\n\t\t\t\t<div class=\"elementor-widget-container\">\n\t\t\t<div class=\"shopengine shopengine-widget\">\n<div class=\"shopengine-product-list\">\n\n\t\n        <div class=\"product-list-grid\">\n\n\t\t\t\n\t\t\t\t\t<div class=\"shopengine-single-product-item\">\n\n\t\t\t\t\t\t<!-- product thumb -->\n\t\t\t\t\t\t<div class=\"product-thumb\">\n\n\t\t\t\t\t\t\t<!-- product thumb -->\n\t\t\t\t\t\t\t<a title=\"View Product Full Details\" href=\"https:\/\/corujapreparatorio.com.br\/?product=matematica-e-suas-tecnologias\">\n\t\t\t\t\t\t\t\t<img fetchpriority=\"high\" decoding=\"async\" width=\"1080\" height=\"1080\" src=\"https:\/\/corujapreparatorio.com.br\/wp-content\/uploads\/2024\/01\/Copia-de-CHO-28.png\" class=\"attachment-368 size-368\" alt=\"\" srcset=\"https:\/\/corujapreparatorio.com.br\/wp-content\/uploads\/2024\/01\/Copia-de-CHO-28.png 1080w, https:\/\/corujapreparatorio.com.br\/wp-content\/uploads\/2024\/01\/Copia-de-CHO-28-300x300.png 300w, https:\/\/corujapreparatorio.com.br\/wp-content\/uploads\/2024\/01\/Copia-de-CHO-28-100x100.png 100w, https:\/\/corujapreparatorio.com.br\/wp-content\/uploads\/2024\/01\/Copia-de-CHO-28-600x600.png 600w, https:\/\/corujapreparatorio.com.br\/wp-content\/uploads\/2024\/01\/Copia-de-CHO-28-64x64.png 64w, https:\/\/corujapreparatorio.com.br\/wp-content\/uploads\/2024\/01\/Copia-de-CHO-28-1024x1024.png 1024w, https:\/\/corujapreparatorio.com.br\/wp-content\/uploads\/2024\/01\/Copia-de-CHO-28-150x150.png 150w, https:\/\/corujapreparatorio.com.br\/wp-content\/uploads\/2024\/01\/Copia-de-CHO-28-768x768.png 768w\" sizes=\"(max-width: 1080px) 100vw, 1080px\" \/>\t\t\t\t\t\t\t<\/a>\n\n\t\t\t\t\t\t\t<!-- add to cart -->\n\t\t\t\t\t\t\t<div class=\"overlay-add-to-cart position-bottom\">\n\t\t\t\t\t\t\t\t<a href=\"https:\/\/corujapreparatorio.com.br\/?product=matematica-e-suas-tecnologias\" data-quantity=\"1\" class=\"button product_type_simple\" data-product_id=\"368\" data-product_sku=\"\" aria-label=\"Leia mais sobre &ldquo;MATEM\u00c1TICA E SUAS TECNOLOGIAS&rdquo;\" aria-describedby=\"\" rel=\"nofollow\" data-product_name=\"MATEM\u00c1TICA E SUAS TECNOLOGIAS\" data-price=\"\">Leia mais<\/a>\t\t\t\t\t\t\t<\/div>\n\t\t\t\t\t\t\t<!-- tag and sale badge -->\n\t\t\t\t\t\t\t\t\t\t\t\t\t\t<div class=\"product-tag-sale-badge position-top-right align-horizontal\">\n\t\t\t\t\t\t\t\t<ul>\n\t\t\t\t\t\t\t\t\t<!-- percentage -->\n\t\t\t\t\t\t\t\t\t\t\t\t\t\t\t\t\t\t<!-- custom tags -->\n\t\t\t\t\t\t\t\t\t \n\t\t\t\t\t\t\t\t\t <!-- on sale -->\n\t\t\t\t\t\t\t\t\t \n\t\t\t\t\t\t\t\t\t<!-- out of stock -->\n\t\t\t\t\t\t\t\t\t \n\t\t\t\t\t\t\t\t<\/ul>\n\t\t\t\t\t\t\t<\/div>\n\t\t\t\t\t\t<\/div>\n\n                    <!-- product category -->\n\t\t\t\t\t\t\t\t\t\t\t\t\t\t\t\t\t\t<div class='product-category'>\n\t\t\t\t\t\t\t\t\t<ul>\n\t\t\t\t\t\t\t\t\t\t\t\t\t\t\t\t\t\t\t\t\t<li>\n\t\t\t\t\t\t\t\t\t\t\t\t<a title=\"Product Category\" href=\"https:\/\/corujapreparatorio.com.br\/?product_cat=enem\">\n\t\t\t\t\t\t\t\t\t\t\t\t\tEnem\t\t\t\t\t\t\t\t\t\t\t\t<\/a>\n\t\t\t\t\t\t\t\t\t\t\t<\/li>\n\t\t\t\t\t\t\t\t\t                                <\/ul>\n                            <\/div>\n\t\t\t\t\t\t\n                    <!-- product title -->\n                    <h3 class='product-title'>\n                        <a title=\"View Product Full Details\" href=\"https:\/\/corujapreparatorio.com.br\/?product=matematica-e-suas-tecnologias\">\n\t\t\t\t\t\t\tMATEM\u00c1TICA E SUAS TECNOLOGIAS                        <\/a>\n                    <\/h3>\n\n                    <!-- product rating -->\n                    <div class=\"product-rating\">\n\t\t\t\t\t\t<div class=\"star-rating\"><span style=\"width:0%\">Avalia\u00e7\u00e3o <strong class=\"rating\">0<\/strong> de 5<\/span><\/div><span class=\"rating-count\">(0)<\/span>                    <\/div>\n\n                    <!-- product price -->\n                    <div class=\"product-price\">\n\t\t\t\t\t\t<p class=\"price\"><\/p>\n                    <\/div>\n\t\t\t\t                    <\/div> <!-- end item -->\n\n\t\t\t\n\t\t\t\t\t<div class=\"shopengine-single-product-item\">\n\n\t\t\t\t\t\t<!-- product thumb -->\n\t\t\t\t\t\t<div class=\"product-thumb\">\n\n\t\t\t\t\t\t\t<!-- product thumb -->\n\t\t\t\t\t\t\t<a title=\"View Product Full Details\" href=\"https:\/\/corujapreparatorio.com.br\/?product=linguagens-codigos-e-suas-tecnologias-2024\">\n\t\t\t\t\t\t\t\t<img decoding=\"async\" width=\"1080\" height=\"1080\" src=\"https:\/\/corujapreparatorio.com.br\/wp-content\/uploads\/2024\/01\/Copia-de-CHO-26.png\" class=\"attachment-358 size-358\" alt=\"\" srcset=\"https:\/\/corujapreparatorio.com.br\/wp-content\/uploads\/2024\/01\/Copia-de-CHO-26.png 1080w, https:\/\/corujapreparatorio.com.br\/wp-content\/uploads\/2024\/01\/Copia-de-CHO-26-300x300.png 300w, https:\/\/corujapreparatorio.com.br\/wp-content\/uploads\/2024\/01\/Copia-de-CHO-26-100x100.png 100w, https:\/\/corujapreparatorio.com.br\/wp-content\/uploads\/2024\/01\/Copia-de-CHO-26-600x600.png 600w, https:\/\/corujapreparatorio.com.br\/wp-content\/uploads\/2024\/01\/Copia-de-CHO-26-64x64.png 64w, https:\/\/corujapreparatorio.com.br\/wp-content\/uploads\/2024\/01\/Copia-de-CHO-26-1024x1024.png 1024w, https:\/\/corujapreparatorio.com.br\/wp-content\/uploads\/2024\/01\/Copia-de-CHO-26-150x150.png 150w, https:\/\/corujapreparatorio.com.br\/wp-content\/uploads\/2024\/01\/Copia-de-CHO-26-768x768.png 768w\" sizes=\"(max-width: 1080px) 100vw, 1080px\" \/>\t\t\t\t\t\t\t<\/a>\n\n\t\t\t\t\t\t\t<!-- add to cart -->\n\t\t\t\t\t\t\t<div class=\"overlay-add-to-cart position-bottom\">\n\t\t\t\t\t\t\t\t<a href=\"https:\/\/corujapreparatorio.com.br\/?product=linguagens-codigos-e-suas-tecnologias-2024\" data-quantity=\"1\" class=\"button product_type_simple\" data-product_id=\"358\" data-product_sku=\"\" aria-label=\"Leia mais sobre &ldquo;LINGUAGENS, C\u00d3DIGOS E SUAS TECNOLOGIAS&rdquo;\" aria-describedby=\"\" rel=\"nofollow\" data-product_name=\"LINGUAGENS, C\u00d3DIGOS E SUAS TECNOLOGIAS\" data-price=\"\">Leia mais<\/a>\t\t\t\t\t\t\t<\/div>\n\t\t\t\t\t\t\t<!-- tag and sale badge -->\n\t\t\t\t\t\t\t\t\t\t\t\t\t\t<div class=\"product-tag-sale-badge position-top-right align-horizontal\">\n\t\t\t\t\t\t\t\t<ul>\n\t\t\t\t\t\t\t\t\t<!-- percentage -->\n\t\t\t\t\t\t\t\t\t\t\t\t\t\t\t\t\t\t<!-- custom tags -->\n\t\t\t\t\t\t\t\t\t \n\t\t\t\t\t\t\t\t\t <!-- on sale -->\n\t\t\t\t\t\t\t\t\t \n\t\t\t\t\t\t\t\t\t<!-- out of stock -->\n\t\t\t\t\t\t\t\t\t \n\t\t\t\t\t\t\t\t<\/ul>\n\t\t\t\t\t\t\t<\/div>\n\t\t\t\t\t\t<\/div>\n\n                    <!-- product category -->\n\t\t\t\t\t\t\t\t\t\t\t\t\t\t\t\t\t\t<div class='product-category'>\n\t\t\t\t\t\t\t\t\t<ul>\n\t\t\t\t\t\t\t\t\t\t\t\t\t\t\t\t\t\t\t\t\t<li>\n\t\t\t\t\t\t\t\t\t\t\t\t<a title=\"Product Category\" href=\"https:\/\/corujapreparatorio.com.br\/?product_cat=enem\">\n\t\t\t\t\t\t\t\t\t\t\t\t\tEnem\t\t\t\t\t\t\t\t\t\t\t\t<\/a>\n\t\t\t\t\t\t\t\t\t\t\t<\/li>\n\t\t\t\t\t\t\t\t\t                                <\/ul>\n                            <\/div>\n\t\t\t\t\t\t\n                    <!-- product title -->\n                    <h3 class='product-title'>\n                        <a title=\"View Product Full Details\" href=\"https:\/\/corujapreparatorio.com.br\/?product=linguagens-codigos-e-suas-tecnologias-2024\">\n\t\t\t\t\t\t\tLINGUAGENS, C\u00d3DIGOS E SUAS TE                        <\/a>\n                    <\/h3>\n\n                    <!-- product rating -->\n                    <div class=\"product-rating\">\n\t\t\t\t\t\t<div class=\"star-rating\"><span style=\"width:0%\">Avalia\u00e7\u00e3o <strong class=\"rating\">0<\/strong> de 5<\/span><\/div><span class=\"rating-count\">(0)<\/span>                    <\/div>\n\n                    <!-- product price -->\n                    <div class=\"product-price\">\n\t\t\t\t\t\t<p class=\"price\"><\/p>\n                    <\/div>\n\t\t\t\t                    <\/div> <!-- end item -->\n\n\t\t\t\n\t\t\t\t\t<div class=\"shopengine-single-product-item\">\n\n\t\t\t\t\t\t<!-- product thumb -->\n\t\t\t\t\t\t<div class=\"product-thumb\">\n\n\t\t\t\t\t\t\t<!-- product thumb -->\n\t\t\t\t\t\t\t<a title=\"View Product Full Details\" href=\"https:\/\/corujapreparatorio.com.br\/?product=ciencias-humanas-2024\">\n\t\t\t\t\t\t\t\t<img decoding=\"async\" width=\"1080\" height=\"1080\" src=\"https:\/\/corujapreparatorio.com.br\/wp-content\/uploads\/2024\/01\/Copia-de-CHO-22.png\" class=\"attachment-354 size-354\" alt=\"\" srcset=\"https:\/\/corujapreparatorio.com.br\/wp-content\/uploads\/2024\/01\/Copia-de-CHO-22.png 1080w, https:\/\/corujapreparatorio.com.br\/wp-content\/uploads\/2024\/01\/Copia-de-CHO-22-300x300.png 300w, https:\/\/corujapreparatorio.com.br\/wp-content\/uploads\/2024\/01\/Copia-de-CHO-22-100x100.png 100w, https:\/\/corujapreparatorio.com.br\/wp-content\/uploads\/2024\/01\/Copia-de-CHO-22-600x600.png 600w, https:\/\/corujapreparatorio.com.br\/wp-content\/uploads\/2024\/01\/Copia-de-CHO-22-64x64.png 64w, https:\/\/corujapreparatorio.com.br\/wp-content\/uploads\/2024\/01\/Copia-de-CHO-22-1024x1024.png 1024w, https:\/\/corujapreparatorio.com.br\/wp-content\/uploads\/2024\/01\/Copia-de-CHO-22-150x150.png 150w, https:\/\/corujapreparatorio.com.br\/wp-content\/uploads\/2024\/01\/Copia-de-CHO-22-768x768.png 768w\" sizes=\"(max-width: 1080px) 100vw, 1080px\" \/>\t\t\t\t\t\t\t<\/a>\n\n\t\t\t\t\t\t\t<!-- add to cart -->\n\t\t\t\t\t\t\t<div class=\"overlay-add-to-cart position-bottom\">\n\t\t\t\t\t\t\t\t<a href=\"https:\/\/corujapreparatorio.com.br\/?product=ciencias-humanas-2024\" data-quantity=\"1\" class=\"button product_type_simple\" data-product_id=\"354\" data-product_sku=\"\" aria-label=\"Leia mais sobre &ldquo;CI\u00caNCIAS HUMANAS&rdquo;\" aria-describedby=\"\" rel=\"nofollow\" data-product_name=\"CI\u00caNCIAS HUMANAS\" data-price=\"\">Leia mais<\/a>\t\t\t\t\t\t\t<\/div>\n\t\t\t\t\t\t\t<!-- tag and sale badge -->\n\t\t\t\t\t\t\t\t\t\t\t\t\t\t<div class=\"product-tag-sale-badge position-top-right align-horizontal\">\n\t\t\t\t\t\t\t\t<ul>\n\t\t\t\t\t\t\t\t\t<!-- percentage -->\n\t\t\t\t\t\t\t\t\t\t\t\t\t\t\t\t\t\t<!-- custom tags -->\n\t\t\t\t\t\t\t\t\t \n\t\t\t\t\t\t\t\t\t <!-- on sale -->\n\t\t\t\t\t\t\t\t\t \n\t\t\t\t\t\t\t\t\t<!-- out of stock -->\n\t\t\t\t\t\t\t\t\t \n\t\t\t\t\t\t\t\t<\/ul>\n\t\t\t\t\t\t\t<\/div>\n\t\t\t\t\t\t<\/div>\n\n                    <!-- product category -->\n\t\t\t\t\t\t\t\t\t\t\t\t\t\t\t\t\t\t<div class='product-category'>\n\t\t\t\t\t\t\t\t\t<ul>\n\t\t\t\t\t\t\t\t\t\t\t\t\t\t\t\t\t\t\t\t\t<li>\n\t\t\t\t\t\t\t\t\t\t\t\t<a title=\"Product Category\" href=\"https:\/\/corujapreparatorio.com.br\/?product_cat=enem\">\n\t\t\t\t\t\t\t\t\t\t\t\t\tEnem\t\t\t\t\t\t\t\t\t\t\t\t<\/a>\n\t\t\t\t\t\t\t\t\t\t\t<\/li>\n\t\t\t\t\t\t\t\t\t                                <\/ul>\n                            <\/div>\n\t\t\t\t\t\t\n                    <!-- product title -->\n                    <h3 class='product-title'>\n                        <a title=\"View Product Full Details\" href=\"https:\/\/corujapreparatorio.com.br\/?product=ciencias-humanas-2024\">\n\t\t\t\t\t\t\tCI\u00caNCIAS HUMANAS                        <\/a>\n                    <\/h3>\n\n                    <!-- product rating -->\n                    <div class=\"product-rating\">\n\t\t\t\t\t\t<div class=\"star-rating\"><span style=\"width:0%\">Avalia\u00e7\u00e3o <strong class=\"rating\">0<\/strong> de 5<\/span><\/div><span class=\"rating-count\">(0)<\/span>                    <\/div>\n\n                    <!-- product price -->\n                    <div class=\"product-price\">\n\t\t\t\t\t\t<p class=\"price\"><\/p>\n                    <\/div>\n\t\t\t\t                    <\/div> <!-- end item -->\n\n\t\t\t\n\t\t\t\t\t<div class=\"shopengine-single-product-item\">\n\n\t\t\t\t\t\t<!-- product thumb -->\n\t\t\t\t\t\t<div class=\"product-thumb\">\n\n\t\t\t\t\t\t\t<!-- product thumb -->\n\t\t\t\t\t\t\t<a title=\"View Product Full Details\" href=\"https:\/\/corujapreparatorio.com.br\/?product=ciencias-da-natureza-2024\">\n\t\t\t\t\t\t\t\t<img loading=\"lazy\" decoding=\"async\" width=\"1080\" height=\"1080\" src=\"https:\/\/corujapreparatorio.com.br\/wp-content\/uploads\/2024\/01\/Copia-de-CHO-24.png\" class=\"attachment-344 size-344\" alt=\"\" srcset=\"https:\/\/corujapreparatorio.com.br\/wp-content\/uploads\/2024\/01\/Copia-de-CHO-24.png 1080w, https:\/\/corujapreparatorio.com.br\/wp-content\/uploads\/2024\/01\/Copia-de-CHO-24-300x300.png 300w, https:\/\/corujapreparatorio.com.br\/wp-content\/uploads\/2024\/01\/Copia-de-CHO-24-100x100.png 100w, https:\/\/corujapreparatorio.com.br\/wp-content\/uploads\/2024\/01\/Copia-de-CHO-24-600x600.png 600w, https:\/\/corujapreparatorio.com.br\/wp-content\/uploads\/2024\/01\/Copia-de-CHO-24-64x64.png 64w, https:\/\/corujapreparatorio.com.br\/wp-content\/uploads\/2024\/01\/Copia-de-CHO-24-1024x1024.png 1024w, https:\/\/corujapreparatorio.com.br\/wp-content\/uploads\/2024\/01\/Copia-de-CHO-24-150x150.png 150w, https:\/\/corujapreparatorio.com.br\/wp-content\/uploads\/2024\/01\/Copia-de-CHO-24-768x768.png 768w\" sizes=\"(max-width: 1080px) 100vw, 1080px\" \/>\t\t\t\t\t\t\t<\/a>\n\n\t\t\t\t\t\t\t<!-- add to cart -->\n\t\t\t\t\t\t\t<div class=\"overlay-add-to-cart position-bottom\">\n\t\t\t\t\t\t\t\t<a href=\"https:\/\/corujapreparatorio.com.br\/?product=ciencias-da-natureza-2024\" data-quantity=\"1\" class=\"button product_type_simple\" data-product_id=\"344\" data-product_sku=\"\" aria-label=\"Leia mais sobre &ldquo;CI\u00caNCIAS DA NATUREZA\/2024&rdquo;\" aria-describedby=\"\" rel=\"nofollow\" data-product_name=\"CI\u00caNCIAS DA NATUREZA\/2024\" data-price=\"\">Leia mais<\/a>\t\t\t\t\t\t\t<\/div>\n\t\t\t\t\t\t\t<!-- tag and sale badge -->\n\t\t\t\t\t\t\t\t\t\t\t\t\t\t<div class=\"product-tag-sale-badge position-top-right align-horizontal\">\n\t\t\t\t\t\t\t\t<ul>\n\t\t\t\t\t\t\t\t\t<!-- percentage -->\n\t\t\t\t\t\t\t\t\t\t\t\t\t\t\t\t\t\t<!-- custom tags -->\n\t\t\t\t\t\t\t\t\t \n\t\t\t\t\t\t\t\t\t <!-- on sale -->\n\t\t\t\t\t\t\t\t\t \n\t\t\t\t\t\t\t\t\t<!-- out of stock -->\n\t\t\t\t\t\t\t\t\t \n\t\t\t\t\t\t\t\t<\/ul>\n\t\t\t\t\t\t\t<\/div>\n\t\t\t\t\t\t<\/div>\n\n                    <!-- product category -->\n\t\t\t\t\t\t\t\t\t\t\t\t\t\t\t\t\t\t<div class='product-category'>\n\t\t\t\t\t\t\t\t\t<ul>\n\t\t\t\t\t\t\t\t\t\t\t\t\t\t\t\t\t\t\t\t\t<li>\n\t\t\t\t\t\t\t\t\t\t\t\t<a title=\"Product Category\" href=\"https:\/\/corujapreparatorio.com.br\/?product_cat=enem\">\n\t\t\t\t\t\t\t\t\t\t\t\t\tEnem\t\t\t\t\t\t\t\t\t\t\t\t<\/a>\n\t\t\t\t\t\t\t\t\t\t\t<\/li>\n\t\t\t\t\t\t\t\t\t                                <\/ul>\n                            <\/div>\n\t\t\t\t\t\t\n                    <!-- product title -->\n                    <h3 class='product-title'>\n                        <a title=\"View Product Full Details\" href=\"https:\/\/corujapreparatorio.com.br\/?product=ciencias-da-natureza-2024\">\n\t\t\t\t\t\t\tCI\u00caNCIAS DA NATUREZA\/2024                        <\/a>\n                    <\/h3>\n\n                    <!-- product rating -->\n                    <div class=\"product-rating\">\n\t\t\t\t\t\t<div class=\"star-rating\"><span style=\"width:0%\">Avalia\u00e7\u00e3o <strong class=\"rating\">0<\/strong> de 5<\/span><\/div><span class=\"rating-count\">(0)<\/span>                    <\/div>\n\n                    <!-- product price -->\n                    <div class=\"product-price\">\n\t\t\t\t\t\t<p class=\"price\"><\/p>\n                    <\/div>\n\t\t\t\t                    <\/div> <!-- end item -->\n\n\t\t\t\n        <\/div>\n\n\t\n<\/div>\n<\/div>\t\t<\/div>\n\t\t\t\t<\/div>\n\t\t\t\t<\/div>\n\t\t\t\t\t\t\t<\/div>\n\t\t","protected":false},"excerpt":{"rendered":"<p>Leia mais Enem MATEM\u00c1TICA E SUAS TECNOLOGIAS Avalia\u00e7\u00e3o 0 de 5(0) Leia mais Enem LINGUAGENS, C\u00d3DIGOS E SUAS TE Avalia\u00e7\u00e3o 0 de 5(0) Leia mais Enem CI\u00caNCIAS HUMANAS Avalia\u00e7\u00e3o 0 de 5(0) Leia mais Enem CI\u00caNCIAS DA NATUREZA\/2024 Avalia\u00e7\u00e3o 0 de 5(0)<\/p>\n","protected":false},"author":1,"featured_media":0,"parent":0,"menu_order":0,"comment_status":"closed","ping_status":"closed","template":"elementor_header_footer","meta":{"footnotes":""},"jetpack_sharing_enabled":true,"_links":{"self":[{"href":"https:\/\/corujapreparatorio.com.br\/index.php?rest_route=\/wp\/v2\/pages\/234"}],"collection":[{"href":"https:\/\/corujapreparatorio.com.br\/index.php?rest_route=\/wp\/v2\/pages"}],"about":[{"href":"https:\/\/corujapreparatorio.com.br\/index.php?rest_route=\/wp\/v2\/types\/page"}],"author":[{"embeddable":true,"href":"https:\/\/corujapreparatorio.com.br\/index.php?rest_route=\/wp\/v2\/users\/1"}],"replies":[{"embeddable":true,"href":"https:\/\/corujapreparatorio.com.br\/index.php?rest_route=%2Fwp%2Fv2%2Fcomments&post=234"}],"version-history":[{"count":29,"href":"https:\/\/corujapreparatorio.com.br\/index.php?rest_route=\/wp\/v2\/pages\/234\/revisions"}],"predecessor-version":[{"id":1161,"href":"https:\/\/corujapreparatorio.com.br\/index.php?rest_route=\/wp\/v2\/pages\/234\/revisions\/1161"}],"wp:attachment":[{"href":"https:\/\/corujapreparatorio.com.br\/index.php?rest_route=%2Fwp%2Fv2%2Fmedia&parent=234"}],"curies":[{"name":"wp","href":"https:\/\/api.w.org\/{rel}","templated":true}]}}