{"id":1454,"date":"2024-05-29T18:37:19","date_gmt":"2024-05-29T21:37:19","guid":{"rendered":"https:\/\/corujapreparatorio.com.br\/?post_type=product&#038;p=1454"},"modified":"2024-10-17T16:05:16","modified_gmt":"2024-10-17T19:05:16","slug":"agente-administrativo","status":"publish","type":"product","link":"https:\/\/corujapreparatorio.com.br\/?product=agente-administrativo","title":{"rendered":"Agente Administrativo"},"content":{"rendered":"<p>1.000 (Mil) Quest\u00f5es das disciplinas:<\/p>\n<p>L\u00edngua Portuguesa.<\/p>\n<p>Matem\u00e1tica.<\/p>\n<p>Inform\u00e1tica B\u00e1sica.<\/p>\n<p>Legisla\u00e7\u00e3o: ( Lei Org\u00e2nica, C\u00f3digo de \u00c9tica e Estatuto dos Servidores)<\/p>\n<p>Conhecimentos Gerais: (Geografia e Hist\u00f3ria de Minas; Atualidades)<\/p>\n<p>+ 10 Simulados.<\/p>\n","protected":false},"excerpt":{"rendered":"<p>1.000 (Mil) Quest\u00f5es das disciplinas: L\u00edngua Portuguesa. Matem\u00e1tica. Inform\u00e1tica B\u00e1sica. Legisla\u00e7\u00e3o: ( Lei Org\u00e2nica, C\u00f3digo de \u00c9tica e Estatuto dos Servidores) Conhecimentos Gerais: (Geografia e Hist\u00f3ria de Minas; Atualidades) + 10 Simulados.<\/p>\n","protected":false},"featured_media":1455,"comment_status":"open","ping_status":"closed","template":"","meta":[],"product_cat":[15],"product_tag":[],"jetpack_sharing_enabled":true,"_links":{"self":[{"href":"https:\/\/corujapreparatorio.com.br\/index.php?rest_route=\/wp\/v2\/product\/1454"}],"collection":[{"href":"https:\/\/corujapreparatorio.com.br\/index.php?rest_route=\/wp\/v2\/product"}],"about":[{"href":"https:\/\/corujapreparatorio.com.br\/index.php?rest_route=\/wp\/v2\/types\/product"}],"replies":[{"embeddable":true,"href":"https:\/\/corujapreparatorio.com.br\/index.php?rest_route=%2Fwp%2Fv2%2Fcomments&post=1454"}],"version-history":[{"count":3,"href":"https:\/\/corujapreparatorio.com.br\/index.php?rest_route=\/wp\/v2\/product\/1454\/revisions"}],"predecessor-version":[{"id":1466,"href":"https:\/\/corujapreparatorio.com.br\/index.php?rest_route=\/wp\/v2\/product\/1454\/revisions\/1466"}],"wp:featuredmedia":[{"embeddable":true,"href":"https:\/\/corujapreparatorio.com.br\/index.php?rest_route=\/wp\/v2\/media\/1455"}],"wp:attachment":[{"href":"https:\/\/corujapreparatorio.com.br\/index.php?rest_route=%2Fwp%2Fv2%2Fmedia&parent=1454"}],"wp:term":[{"taxonomy":"product_cat","embeddable":true,"href":"https:\/\/corujapreparatorio.com.br\/index.php?rest_route=%2Fwp%2Fv2%2Fproduct_cat&post=1454"},{"taxonomy":"product_tag","embeddable":true,"href":"https:\/\/corujapreparatorio.com.br\/index.php?rest_route=%2Fwp%2Fv2%2Fproduct_tag&post=1454"}],"curies":[{"name":"wp","href":"https:\/\/api.w.org\/{rel}","templated":true}]}}