{"id":162,"date":"2024-01-04T13:50:45","date_gmt":"2024-01-04T16:50:45","guid":{"rendered":"https:\/\/corujapreparatorio.com.br\/?post_type=product&#038;p=162"},"modified":"2025-02-13T11:01:49","modified_gmt":"2025-02-13T14:01:49","slug":"eap-3sargento","status":"publish","type":"product","link":"https:\/\/corujapreparatorio.com.br\/?product=eap-3sargento","title":{"rendered":"EAP\/ 3\u00b0SARGENTO 2025"},"content":{"rendered":"","protected":false},"excerpt":{"rendered":"<p>(Indispon\u00edvel) Aguardando publica\u00e7\u00e3o do edital.<\/p>\n","protected":false},"featured_media":163,"comment_status":"open","ping_status":"closed","template":"","meta":[],"product_cat":[30,29],"product_tag":[],"jetpack_sharing_enabled":true,"_links":{"self":[{"href":"https:\/\/corujapreparatorio.com.br\/index.php?rest_route=\/wp\/v2\/product\/162"}],"collection":[{"href":"https:\/\/corujapreparatorio.com.br\/index.php?rest_route=\/wp\/v2\/product"}],"about":[{"href":"https:\/\/corujapreparatorio.com.br\/index.php?rest_route=\/wp\/v2\/types\/product"}],"replies":[{"embeddable":true,"href":"https:\/\/corujapreparatorio.com.br\/index.php?rest_route=%2Fwp%2Fv2%2Fcomments&post=162"}],"version-history":[{"count":6,"href":"https:\/\/corujapreparatorio.com.br\/index.php?rest_route=\/wp\/v2\/product\/162\/revisions"}],"predecessor-version":[{"id":1536,"href":"https:\/\/corujapreparatorio.com.br\/index.php?rest_route=\/wp\/v2\/product\/162\/revisions\/1536"}],"wp:featuredmedia":[{"embeddable":true,"href":"https:\/\/corujapreparatorio.com.br\/index.php?rest_route=\/wp\/v2\/media\/163"}],"wp:attachment":[{"href":"https:\/\/corujapreparatorio.com.br\/index.php?rest_route=%2Fwp%2Fv2%2Fmedia&parent=162"}],"wp:term":[{"taxonomy":"product_cat","embeddable":true,"href":"https:\/\/corujapreparatorio.com.br\/index.php?rest_route=%2Fwp%2Fv2%2Fproduct_cat&post=162"},{"taxonomy":"product_tag","embeddable":true,"href":"https:\/\/corujapreparatorio.com.br\/index.php?rest_route=%2Fwp%2Fv2%2Fproduct_tag&post=162"}],"curies":[{"name":"wp","href":"https:\/\/api.w.org\/{rel}","templated":true}]}}