{"id":171,"date":"2024-01-04T14:01:36","date_gmt":"2024-01-04T17:01:36","guid":{"rendered":"https:\/\/corujapreparatorio.com.br\/?post_type=product&#038;p=171"},"modified":"2024-05-29T19:04:42","modified_gmt":"2024-05-29T22:04:42","slug":"cho-2024","status":"publish","type":"product","link":"https:\/\/corujapreparatorio.com.br\/?product=cho-2024","title":{"rendered":"CHO\/2024"},"content":{"rendered":"","protected":false},"excerpt":{"rendered":"<p>(Indispon\u00edvel) Aguardando publica\u00e7\u00e3o do edital.<\/p>\n","protected":false},"featured_media":172,"comment_status":"open","ping_status":"closed","template":"","meta":[],"product_cat":[29],"product_tag":[],"jetpack_sharing_enabled":true,"_links":{"self":[{"href":"https:\/\/corujapreparatorio.com.br\/index.php?rest_route=\/wp\/v2\/product\/171"}],"collection":[{"href":"https:\/\/corujapreparatorio.com.br\/index.php?rest_route=\/wp\/v2\/product"}],"about":[{"href":"https:\/\/corujapreparatorio.com.br\/index.php?rest_route=\/wp\/v2\/types\/product"}],"replies":[{"embeddable":true,"href":"https:\/\/corujapreparatorio.com.br\/index.php?rest_route=%2Fwp%2Fv2%2Fcomments&post=171"}],"version-history":[{"count":1,"href":"https:\/\/corujapreparatorio.com.br\/index.php?rest_route=\/wp\/v2\/product\/171\/revisions"}],"predecessor-version":[{"id":173,"href":"https:\/\/corujapreparatorio.com.br\/index.php?rest_route=\/wp\/v2\/product\/171\/revisions\/173"}],"wp:featuredmedia":[{"embeddable":true,"href":"https:\/\/corujapreparatorio.com.br\/index.php?rest_route=\/wp\/v2\/media\/172"}],"wp:attachment":[{"href":"https:\/\/corujapreparatorio.com.br\/index.php?rest_route=%2Fwp%2Fv2%2Fmedia&parent=171"}],"wp:term":[{"taxonomy":"product_cat","embeddable":true,"href":"https:\/\/corujapreparatorio.com.br\/index.php?rest_route=%2Fwp%2Fv2%2Fproduct_cat&post=171"},{"taxonomy":"product_tag","embeddable":true,"href":"https:\/\/corujapreparatorio.com.br\/index.php?rest_route=%2Fwp%2Fv2%2Fproduct_tag&post=171"}],"curies":[{"name":"wp","href":"https:\/\/api.w.org\/{rel}","templated":true}]}}