{"id":174,"date":"2024-01-04T14:05:04","date_gmt":"2024-01-04T17:05:04","guid":{"rendered":"https:\/\/corujapreparatorio.com.br\/?post_type=product&#038;p=174"},"modified":"2024-01-11T14:59:26","modified_gmt":"2024-01-11T17:59:26","slug":"eap-1otenente","status":"publish","type":"product","link":"https:\/\/corujapreparatorio.com.br\/?product=eap-1otenente","title":{"rendered":"EAP\/1\u00baTENENTE"},"content":{"rendered":"","protected":false},"excerpt":{"rendered":"<p>(Indispon\u00edvel) Aguardando publica\u00e7\u00e3o do edital.<\/p>\n","protected":false},"featured_media":175,"comment_status":"open","ping_status":"closed","template":"","meta":[],"product_cat":[29],"product_tag":[],"jetpack_sharing_enabled":true,"_links":{"self":[{"href":"https:\/\/corujapreparatorio.com.br\/index.php?rest_route=\/wp\/v2\/product\/174"}],"collection":[{"href":"https:\/\/corujapreparatorio.com.br\/index.php?rest_route=\/wp\/v2\/product"}],"about":[{"href":"https:\/\/corujapreparatorio.com.br\/index.php?rest_route=\/wp\/v2\/types\/product"}],"replies":[{"embeddable":true,"href":"https:\/\/corujapreparatorio.com.br\/index.php?rest_route=%2Fwp%2Fv2%2Fcomments&post=174"}],"version-history":[{"count":1,"href":"https:\/\/corujapreparatorio.com.br\/index.php?rest_route=\/wp\/v2\/product\/174\/revisions"}],"predecessor-version":[{"id":176,"href":"https:\/\/corujapreparatorio.com.br\/index.php?rest_route=\/wp\/v2\/product\/174\/revisions\/176"}],"wp:featuredmedia":[{"embeddable":true,"href":"https:\/\/corujapreparatorio.com.br\/index.php?rest_route=\/wp\/v2\/media\/175"}],"wp:attachment":[{"href":"https:\/\/corujapreparatorio.com.br\/index.php?rest_route=%2Fwp%2Fv2%2Fmedia&parent=174"}],"wp:term":[{"taxonomy":"product_cat","embeddable":true,"href":"https:\/\/corujapreparatorio.com.br\/index.php?rest_route=%2Fwp%2Fv2%2Fproduct_cat&post=174"},{"taxonomy":"product_tag","embeddable":true,"href":"https:\/\/corujapreparatorio.com.br\/index.php?rest_route=%2Fwp%2Fv2%2Fproduct_tag&post=174"}],"curies":[{"name":"wp","href":"https:\/\/api.w.org\/{rel}","templated":true}]}}