{"id":379,"date":"2024-01-05T13:36:52","date_gmt":"2024-01-05T16:36:52","guid":{"rendered":"https:\/\/corujapreparatorio.com.br\/?post_type=product&#038;p=379"},"modified":"2024-06-20T16:50:52","modified_gmt":"2024-06-20T19:50:52","slug":"soldado-pmmg","status":"publish","type":"product","link":"https:\/\/corujapreparatorio.com.br\/?product=soldado-pmmg","title":{"rendered":"SOLDADO PMMG"},"content":{"rendered":"","protected":false},"excerpt":{"rendered":"<p style=\"text-align: center;\">&#8211; S\u00e3o 4 simulados com quest\u00f5es atualizadas de acordo com o edital 2024.<\/p>\n<p style=\"text-align: center;\">&#8211; Voc\u00ea tamb\u00e9m ter\u00e1 acesso a quest\u00f5es extras e provas anteriores comentadas.<\/p>\n<p style=\"text-align: center;\">&#8211; Plataforma digital, com tempo e classifica\u00e7\u00e3o final.<\/p>\n<p style=\"text-align: center;\">&#8211; Voc\u00ea\u00a0 receber\u00e1 via WhatsApp o Boletim Coruja, abordando pontos importantes das disciplinas com\u00a0 probabilidade de ca\u00edrem na prova, facilitando a memoriza\u00e7\u00e3o.<\/p>\n","protected":false},"featured_media":380,"comment_status":"open","ping_status":"closed","template":"","meta":[],"product_cat":[30,27],"product_tag":[],"jetpack_sharing_enabled":true,"_links":{"self":[{"href":"https:\/\/corujapreparatorio.com.br\/index.php?rest_route=\/wp\/v2\/product\/379"}],"collection":[{"href":"https:\/\/corujapreparatorio.com.br\/index.php?rest_route=\/wp\/v2\/product"}],"about":[{"href":"https:\/\/corujapreparatorio.com.br\/index.php?rest_route=\/wp\/v2\/types\/product"}],"replies":[{"embeddable":true,"href":"https:\/\/corujapreparatorio.com.br\/index.php?rest_route=%2Fwp%2Fv2%2Fcomments&post=379"}],"version-history":[{"count":11,"href":"https:\/\/corujapreparatorio.com.br\/index.php?rest_route=\/wp\/v2\/product\/379\/revisions"}],"predecessor-version":[{"id":1430,"href":"https:\/\/corujapreparatorio.com.br\/index.php?rest_route=\/wp\/v2\/product\/379\/revisions\/1430"}],"wp:featuredmedia":[{"embeddable":true,"href":"https:\/\/corujapreparatorio.com.br\/index.php?rest_route=\/wp\/v2\/media\/380"}],"wp:attachment":[{"href":"https:\/\/corujapreparatorio.com.br\/index.php?rest_route=%2Fwp%2Fv2%2Fmedia&parent=379"}],"wp:term":[{"taxonomy":"product_cat","embeddable":true,"href":"https:\/\/corujapreparatorio.com.br\/index.php?rest_route=%2Fwp%2Fv2%2Fproduct_cat&post=379"},{"taxonomy":"product_tag","embeddable":true,"href":"https:\/\/corujapreparatorio.com.br\/index.php?rest_route=%2Fwp%2Fv2%2Fproduct_tag&post=379"}],"curies":[{"name":"wp","href":"https:\/\/api.w.org\/{rel}","templated":true}]}}